{"id":19134,"date":"2021-11-02T09:48:59","date_gmt":"2021-11-02T09:48:59","guid":{"rendered":"https:\/\/ti-hi.com\/nguho\/?post_type=product&#038;p=19134"},"modified":"2021-11-19T08:49:06","modified_gmt":"2021-11-19T08:49:06","slug":"li-xi-ngu-ho","status":"publish","type":"product","link":"https:\/\/ti-hi.com\/nguho\/product\/li-xi-ngu-ho\/","title":{"rendered":"L\u00ec x\u00ec ng\u0169 h\u1ed5"},"content":{"rendered":"","protected":false},"excerpt":{"rendered":"<p>M\u1ed9t n\u0103m con h\u1ed5 m\u1edbi \u0111ang \u0111\u1ebfn v\u1edbi ni\u1ec1m tin v\u00e0o s\u1ef1 ph\u1ee5c h\u1ed3i m\u1ea1nh m\u1ebd. M\u01b0\u1ee3n t\u1ee9 tranh x\u01b0a \u0111\u1ec3 g\u1eedi ni\u1ec1m mong \u01b0\u1edbc cho hi\u1ec7n t\u1ea1i. L\u1ea5y oai linh, h\u00f9ng kh\u00ed c\u1ee7a Ng\u0169 H\u1ed5 x\u01b0a \u0111\u1ec3 trao g\u1eedi m\u1ed9t ni\u1ec1m tin v\u00e0o ng\u00e0y mai t\u01b0\u01a1i s\u00e1ng. H\u1ed5 l\u00e0 ch\u00faa s\u01a1n l\u00e2m, ch\u1ec9 m\u1ed9t ti\u1ebfng g\u1ea7m c\u0169ng l\u00e0m b\u00e1ch th\u00fa ph\u1ea3i c\u00fai \u0111\u1ea7u. L\u1ea5y s\u1ef1 m\u1ea1nh m\u1ebd, uy quy\u1ec1n, v\u00e0 oai linh \u0111\u00f3 c\u00e1c ngh\u1ec7 nh\u00e2n H\u00e0ng Tr\u1ed1ng \u0111\u00e3 g\u1eedi g\u1eafm v\u00e0o tranh Ng\u0169 H\u1ed5 th\u1eadt nhi\u1ec1u gi\u00e1 tr\u1ecb tri\u1ebft h\u1ecdc, tinh th\u1ea7n s\u00e2u s\u1eafc. S\u1ef1 c\u1ea7u mong m\u1ed9t n\u0103m m\u1edbi thu\u1eadn ho\u00e0, an y\u00ean d\u01b0\u1edbi s\u1ef1 b\u1ea3o h\u1ed9 t\u00e2m linh c\u1ee7a Ng\u0169 H\u1ed5 t\u01b0\u1edbng h\u00e0ng tr\u0103m n\u0103m qua v\u1eabn s\u1ed1ng \u0111\u1ed9ng trong t\u00e2m th\u1ee9c ng\u01b0\u1eddi Vi\u1ec7t.<\/p>\n<p>L\u00ec x\u00ec ng\u0169 h\u1ed5 g\u1ed3m 6 m\u00e0u \u0111\u01b0\u1ee3c thi\u1ebft k\u1ebf \u0111\u1ed9c \u0111\u00e1o, ch\u1ea5t li\u1ec7u gi\u1ea5y \u0111\u1eb9p sang tr\u1ecdng.<\/p>\n<h4>Quy c\u00e1ch l\u00ec x\u00ec ng\u0169 h\u1ed5<\/h4>\n<p>1 t\u1eadp l\u00ec x\u00ec g\u1ed3m 6 bao (6 m\u00e0u)<\/p>\n","protected":false},"featured_media":19208,"comment_status":"open","ping_status":"closed","template":"","meta":[],"product_cat":[118,116],"product_tag":[],"_links":{"self":[{"href":"https:\/\/ti-hi.com\/nguho\/wp-json\/wp\/v2\/product\/19134"}],"collection":[{"href":"https:\/\/ti-hi.com\/nguho\/wp-json\/wp\/v2\/product"}],"about":[{"href":"https:\/\/ti-hi.com\/nguho\/wp-json\/wp\/v2\/types\/product"}],"replies":[{"embeddable":true,"href":"https:\/\/ti-hi.com\/nguho\/wp-json\/wp\/v2\/comments?post=19134"}],"wp:featuredmedia":[{"embeddable":true,"href":"https:\/\/ti-hi.com\/nguho\/wp-json\/wp\/v2\/media\/19208"}],"wp:attachment":[{"href":"https:\/\/ti-hi.com\/nguho\/wp-json\/wp\/v2\/media?parent=19134"}],"wp:term":[{"taxonomy":"product_cat","embeddable":true,"href":"https:\/\/ti-hi.com\/nguho\/wp-json\/wp\/v2\/product_cat?post=19134"},{"taxonomy":"product_tag","embeddable":true,"href":"https:\/\/ti-hi.com\/nguho\/wp-json\/wp\/v2\/product_tag?post=19134"}],"curies":[{"name":"wp","href":"https:\/\/api.w.org\/{rel}","templated":true}]}}