{"id":19074,"date":"2021-11-02T05:03:20","date_gmt":"2021-11-02T05:03:20","guid":{"rendered":"https:\/\/ti-hi.com\/nguho\/?post_type=product&#038;p=19074"},"modified":"2021-11-17T09:32:40","modified_gmt":"2021-11-17T09:32:40","slug":"bo-lich-gia-dinh","status":"publish","type":"product","link":"https:\/\/ti-hi.com\/nguho\/product\/bo-lich-gia-dinh\/","title":{"rendered":"B\u1ed9 l\u1ecbch gia \u0111\u00ecnh"},"content":{"rendered":"","protected":false},"excerpt":{"rendered":"<p>B\u1ea1n c\u00f3 bao gi\u1edd cho\u00e1ng ng\u1ee3p khi c\u1ed1 t\u00ecm m\u1ed9t kho\u1ea3nh kh\u1eafc qu\u00fd gi\u00e1 trong feed qu\u00e1 d\u00e0i trong smart phone? Cu\u1ed9c s\u1ed1ng c\u1ee7a ch\u00fang ta l\u00e0 h\u1eb1ng tr\u0103m, h\u00e0ng ngh\u00ecn, h\u00e0ng tri\u1ec7u th\u1eadm ch\u00ed kh\u00f4ng th\u1ec3 \u0111ong \u0111\u1ebfm nh\u1eefng kho\u1ea3nh kh\u1eafc. \u0110\u00f4i khi ch\u1ec9 c\u1ea7n nh\u00ecn l\u1ea1i m\u1ed9t trong nh\u1eefng kho\u1ea3nh kh\u1eafc \u0111\u00f3 \u0111\u1ec3 ta c\u1ea3m nh\u1eadn \u0111\u01b0\u1ee3c ni\u1ec1m vui, t\u00ecnh y\u00eau th\u01b0\u01a1ng, v\u00f4 gi\u00e1; Nh\u00ecn l\u1ea1i m\u1ed9t kho\u1ea3nh kh\u1eafc vui \u0111\u1ec3 th\u00eam v\u1eefng tinh th\u1ea7n v\u01b0\u1ee3t m\u1ecdi kh\u00f3 kh\u0103n th\u1eed th\u00e1ch, \u0111\u1ec3 nh\u1eafc nh\u1edf ch\u00fang ta v\u1ec1 t\u00ecnh c\u1ea3m y\u00eau th\u01b0\u01a1ng c\u1ee7a gia \u0111\u00ecnh, b\u1ea1n b\u00e8 hay nh\u1eefng ng\u01b0\u1eddi th\u00e2n y\u00eau. T\u1ebft n\u00e0y h\u00e3y \u0111\u1ec3 nh\u1eefng kho\u1ea3nh kh\u1eafc n\u00e0y hi\u1ec7n h\u1eefu ngay tr\u00ean g\u00f3c b\u00e0n c\u1ee7a ch\u00fang ta nh\u00e9.<\/p>\n<h4>H\u01b0\u1edbng d\u1eabn \u0111\u1eb7t h\u00e0ng<\/h4>\n<ol>\n<li>S\u1ea3n ph\u1ea9m s\u1ebd s\u1eed d\u1ee5ng \u1ea3nh c\u1ee7a c\u00e1 nh\u00e2n b\u1ea1n n\u00ean b\u1ea1n c\u00f3 th\u1ec3 inbox cho Ti_h\u00ed \u0111\u1ec3 g\u1eedi \u1ea3nh<\/li>\n<li>Ti_h\u00ed s\u1ebd ki\u1ec3m tra ch\u1ea5t l\u01b0\u1ee3ng \u1ea3nh v\u00e0 g\u1eedi file m\u1eabu<\/li>\n<li>B\u1ea1n ch\u1ed1t l\u1ea1i marquette tr\u01b0\u1edbc khi in<\/li>\n<li>Ti_h\u00ed s\u1ea3n xu\u1ea5t l\u1ecbch &amp; g\u1eedi b\u1ea1n trong v\u00f2ng 3-5 ng\u00e0y l\u00e0m vi\u1ec7c<\/li>\n<\/ol>\n<h4>L\u01b0u \u00fd v\u1ec1 s\u1ed1 l\u01b0\u1ee3ng &amp; gi\u00e1<\/h4>\n<p>Khi b\u1ea1n \u0111\u1eb7t s\u1ed1 l\u01b0\u1ee3ng nhi\u1ec1u \u0111\u1ec3 t\u1eb7ng cho gia \u0111\u00ecnh, ng\u01b0\u1eddi th\u00e2n c\u1ee7a m\u00ecnh, gi\u00e1 s\u1ea3n ph\u1ea9m s\u1ebd t\u1ed1t h\u01a1n, v\u00ec v\u1eady b\u1ea1n c\u00e2n nh\u1eafc \u0111\u1ec3 \u0111\u1eb7t h\u00e0ng (B\u1ea1n c\u00f3 th\u1ec3 ch\u1ecdn s\u1ed1 l\u01b0\u1ee3ng \u0111\u1ec3 xem gi\u00e1 s\u1ea3n ph\u1ea9m)<\/p>\n<h4>Quy c\u00e1ch s\u1ea3n ph\u1ea9m<\/h4>\n<p><strong>B\u1ed9 06 t\u1edd:<\/strong> L\u1ecbch gi\u1ea5y Ivory c\u1ee9ng \u0111\u1eb9p + \u0110\u1ebf l\u1ecbch b\u1eb1ng g\u1ed7<\/p>\n<p><strong>B\u1ed9 12 t\u1edd:<\/strong> L\u1ecbch gi\u1ea5y Ivory c\u1ee9ng \u0111\u1eb9p + \u0110\u1ebf l\u1ecbch b\u1eb1ng g\u1ed7<\/p>\n","protected":false},"featured_media":19168,"comment_status":"open","ping_status":"closed","template":"","meta":[],"product_cat":[119],"product_tag":[],"_links":{"self":[{"href":"https:\/\/ti-hi.com\/nguho\/wp-json\/wp\/v2\/product\/19074"}],"collection":[{"href":"https:\/\/ti-hi.com\/nguho\/wp-json\/wp\/v2\/product"}],"about":[{"href":"https:\/\/ti-hi.com\/nguho\/wp-json\/wp\/v2\/types\/product"}],"replies":[{"embeddable":true,"href":"https:\/\/ti-hi.com\/nguho\/wp-json\/wp\/v2\/comments?post=19074"}],"wp:featuredmedia":[{"embeddable":true,"href":"https:\/\/ti-hi.com\/nguho\/wp-json\/wp\/v2\/media\/19168"}],"wp:attachment":[{"href":"https:\/\/ti-hi.com\/nguho\/wp-json\/wp\/v2\/media?parent=19074"}],"wp:term":[{"taxonomy":"product_cat","embeddable":true,"href":"https:\/\/ti-hi.com\/nguho\/wp-json\/wp\/v2\/product_cat?post=19074"},{"taxonomy":"product_tag","embeddable":true,"href":"https:\/\/ti-hi.com\/nguho\/wp-json\/wp\/v2\/product_tag?post=19074"}],"curies":[{"name":"wp","href":"https:\/\/api.w.org\/{rel}","templated":true}]}}