{"id":19007,"date":"2021-10-28T11:08:30","date_gmt":"2021-10-28T11:08:30","guid":{"rendered":"https:\/\/ti-hi.com\/nguho\/?post_type=product&#038;p=19007"},"modified":"2021-11-19T08:58:20","modified_gmt":"2021-11-19T08:58:20","slug":"lich-ngu-ho","status":"publish","type":"product","link":"https:\/\/ti-hi.com\/nguho\/product\/lich-ngu-ho\/","title":{"rendered":"L\u1ecbch ng\u0169 h\u1ed5 2022"},"content":{"rendered":"","protected":false},"excerpt":{"rendered":"<h4>B\u1ed9 l\u1ecbch ng\u0169 h\u1ed5, qu\u00e0 t\u1eb7ng \u0111\u1ed9c \u0111\u00e1o \u0111\u1eebng b\u1ecf qua cho n\u0103m 2022<\/h4>\n<p>Trong t\u00edn ng\u01b0\u1ee1ng ph\u01b0\u01a1ng \u0110\u00f4ng, H\u1ed5 l\u00e0 m\u1ed9t con v\u1eadt, t\u01b0\u1ee3ng tr\u01b0ng cho s\u1ee9c m\u1ea1nh v\u00e0 s\u1ef1 th\u00e0nh c\u00f4ng trong s\u1ef1 nghi\u1ec7p. Tranh ng\u0169 h\u1ed5 trong gia \u0111\u00ecnh ng\u01b0\u1eddi Vi\u1ec7t kh\u00f4ng ch\u01b0ng tr\u00ean b\u00e0n th\u1edd gia ti\u00ean nh\u01b0 nh\u1eefng b\u1ee9c tranh ng\u0169 qu\u1ea3 m\u00e0 tranh ng\u0169 h\u1ed5 th\u01b0\u1eddng treo \u1edf b\u00e0n th\u1edd d\u00e0nh ri\u00eang cho h\u1ed5 ho\u1eb7c tr\u01b0ng d\u01b0\u1edbi ban th\u1edd th\u1ea7n th\u00e1nh ho\u1eb7c th\u1edd Ph\u1eadt. M\u1ed9t s\u1ed1 \u00fd ki\u1ebfn kh\u00e1c cho r\u1eb1ng, nh\u1eefng b\u1ee9c tranh \u00f4ng H\u1ed5 \u0111\u01b0\u1ee3c xu\u1ea5t hi\u1ec7n t\u1eeb \u0111\u1eddi nh\u00e0 Tr\u1ea7n, sau khi t\u01b0\u1edbng Tr\u1ea7n H\u01b0ng \u0110\u1ea1o \u0111\u1ea1i ph\u00e1 qu\u00e2n Nguy\u00ean M\u00f4ng do \u0111\u00f3 \u0111\u1ec3 ca ng\u1ee3i h\u00e0o kh\u00ed c\u1ee7a d\u00e2n t\u1ed9c trong nh\u1eefng ng\u00e0y th\u00e1ng \u0111\u00f3, nh\u1eefng b\u1ee9c tranh H\u1ed5 \u0111\u00e3 ra \u0111\u1eddi nh\u01b0 v\u1eady.<\/p>\n<p>Qu\u00e0 t\u1eb7ng ng\u0169 h\u1ed5 kh\u00f4ng ch\u1ec9 c\u00f3 \u00fd ngh\u0129a mong \u01b0\u1edbc cho m\u1ed9t n\u0103m m\u1edbi th\u1eadt th\u00e0nh c\u00f4ng, s\u1ef1 nghi\u1ec7p th\u1eadt v\u1eefng v\u00e0ng, m\u00e0 c\u00f2n gi\u00fap lan t\u1ecfa gi\u00e1 tr\u1ecb v\u0103n h\u00f3a \u0111\u1ea7y t\u1ed1t \u0111\u1eb9p m\u00e0 cha \u00f4ng \u0111\u00e3 d\u00e0y c\u00f4ng t\u1ea1o d\u1ef1ng. H\u00e3y l\u00e0 ng\u01b0\u1eddi lan to\u1ea3 gi\u00e1 tr\u1ecb v\u0103n ho\u00e1 t\u1ed1t \u0111\u1eb9p n\u00e0y!<\/p>\n<p>B\u1ed9 l\u1ecbch ng\u0169 h\u1ed5 \u0111\u01b0\u1ee3c thi\u1ebft k\u1ebf ri\u00eang 6 t\u1edd 12 th\u00e1ng. Qu\u00e0 t\u1eb7ng b\u1ed9 l\u1ecbch \u00fd ngh\u0129a cho ng\u01b0\u1eddi th\u00e2n, \u0111\u1ed3ng nghi\u1ec7p hay cho ch\u00ednh m\u00ecnh.<\/p>\n<h4>Quy c\u00e1ch s\u1ea3n ph\u1ea9m B\u1ed9 l\u1ecbch h\u1ed5 2022<\/h4>\n<p><strong>B\u1ed9 06 t\u1edd, in 2 m\u1eb7t &#8211; m\u1eb7t sau c\u00f3 ph\u1ea7n \u0111\u1ec3 ghi ch\u00fa:<\/strong> L\u1ecbch gi\u1ea5y Ivory c\u1ee9ng \u0111\u1eb9p + \u0110\u1ebf l\u1ecbch b\u1eb1ng g\u1ed7 10x10cm ho\u1eb7c 8x8cm do qu\u00fd kh\u00e1ch l\u1ef1a ch\u1ecdn.<\/p>\n","protected":false},"featured_media":19233,"comment_status":"open","ping_status":"closed","template":"","meta":[],"product_cat":[118,116],"product_tag":[],"_links":{"self":[{"href":"https:\/\/ti-hi.com\/nguho\/wp-json\/wp\/v2\/product\/19007"}],"collection":[{"href":"https:\/\/ti-hi.com\/nguho\/wp-json\/wp\/v2\/product"}],"about":[{"href":"https:\/\/ti-hi.com\/nguho\/wp-json\/wp\/v2\/types\/product"}],"replies":[{"embeddable":true,"href":"https:\/\/ti-hi.com\/nguho\/wp-json\/wp\/v2\/comments?post=19007"}],"wp:featuredmedia":[{"embeddable":true,"href":"https:\/\/ti-hi.com\/nguho\/wp-json\/wp\/v2\/media\/19233"}],"wp:attachment":[{"href":"https:\/\/ti-hi.com\/nguho\/wp-json\/wp\/v2\/media?parent=19007"}],"wp:term":[{"taxonomy":"product_cat","embeddable":true,"href":"https:\/\/ti-hi.com\/nguho\/wp-json\/wp\/v2\/product_cat?post=19007"},{"taxonomy":"product_tag","embeddable":true,"href":"https:\/\/ti-hi.com\/nguho\/wp-json\/wp\/v2\/product_tag?post=19007"}],"curies":[{"name":"wp","href":"https:\/\/api.w.org\/{rel}","templated":true}]}}